{"id":183,"date":"2025-03-16T10:30:24","date_gmt":"2025-03-16T10:30:24","guid":{"rendered":"https:\/\/cavin-resource.com\/?post_type=product&#038;p=183"},"modified":"2026-02-24T00:06:33","modified_gmt":"2026-02-24T00:06:33","slug":"oleo-de-soja-refinado","status":"publish","type":"product","link":"https:\/\/cavin-resource.com\/pt\/product\/refined-soybean-oil\/","title":{"rendered":"\u00d3leo de soja refinado - Cavin Resources Brazil"},"content":{"rendered":"<p class=\"\" data-start=\"515\" data-end=\"836\">Em <a href=\"https:\/\/cavin-resource.com\/pt\/\"><strong data-start=\"518\" data-end=\"536\">Recurso Cavin<\/strong><\/a>, Fornecemos <strong data-start=\"548\" data-end=\"571\">\u00d3leo de soja refinado<\/strong> da mais alta qualidade, produzidos a partir de produtos cuidadosamente selecionados <strong data-start=\"629\" data-end=\"649\">soja n\u00e3o transg\u00eanica<\/strong>. Nosso \u00f3leo passa por um processo de refino em v\u00e1rios est\u00e1gios para garantir pureza, estabilidade e um sabor leve, o que o torna ideal para <strong data-start=\"769\" data-end=\"835\">cozimento dom\u00e9stico, fritura, cozimento e fabrica\u00e7\u00e3o de alimentos<\/strong>.<\/p>\n<p class=\"\" data-start=\"838\" data-end=\"1045\">Rico em <strong data-start=\"846\" data-end=\"877\">\u00e1cidos graxos poliinsaturados<\/strong>, incluindo <strong data-start=\"889\" data-end=\"912\">\u00d4mega-6 e \u00f4mega-3<\/strong>, bem como <strong data-start=\"925\" data-end=\"938\">Vitamina E<\/strong>, Al\u00e9m disso, nosso \u00f3leo de soja contribui para a sa\u00fade do cora\u00e7\u00e3o e tem um sabor neutro adequado para v\u00e1rias aplica\u00e7\u00f5es culin\u00e1rias.<\/p>\n<p class=\"\" data-start=\"1047\" data-end=\"1190\">Oferecemos solu\u00e7\u00f5es flex\u00edveis de embalagem a granel para remessas internacionais, incluindo <strong data-start=\"1128\" data-end=\"1189\">Garrafas PET, gal\u00f5es, tambores, tanques IBC e flexitanks<\/strong>.<\/p>\n<h2 class=\"\" data-start=\"1197\" data-end=\"1224\">\u2699\ufe0f <strong data-start=\"1203\" data-end=\"1224\">M\u00e9todo de produ\u00e7\u00e3o de \u00f3leo de soja refinado<\/strong><\/h2>\n<ul>\n<li data-start=\"1229\" data-end=\"1306\"><strong data-start=\"1229\" data-end=\"1261\">Sele\u00e7\u00e3o e limpeza de gr\u00e3os de soja<\/strong> - Os gr\u00e3os de soja n\u00e3o transg\u00eanicos s\u00e3o limpos e descascados.<\/li>\n<li data-start=\"1229\" data-end=\"1306\"><strong data-start=\"1310\" data-end=\"1328\">Extra\u00e7\u00e3o de \u00f3leo<\/strong> - Prensagem mec\u00e2nica e\/ou extra\u00e7\u00e3o por solvente (geralmente hexano).<\/li>\n<li data-start=\"1229\" data-end=\"1306\"><strong data-start=\"1398\" data-end=\"1411\">Degomagem<\/strong> - Remo\u00e7\u00e3o de fosfolip\u00eddios usando \u00e1gua ou \u00e1cido.<\/li>\n<li data-start=\"1229\" data-end=\"1306\"><strong data-start=\"1463\" data-end=\"1481\">Neutraliza\u00e7\u00e3o<\/strong> - Elimina os \u00e1cidos graxos livres.<\/li>\n<li data-start=\"1229\" data-end=\"1306\"><strong data-start=\"1516\" data-end=\"1529\">Branqueamento<\/strong> - Absorve pigmentos e res\u00edduos usando argila natural.<\/li>\n<li data-start=\"1229\" data-end=\"1306\"><strong data-start=\"1585\" data-end=\"1602\">Desodoriza\u00e7\u00e3o<\/strong> - A destila\u00e7\u00e3o a vapor remove odores.<\/li>\n<li data-start=\"1229\" data-end=\"1306\"><strong data-start=\"1642\" data-end=\"1655\">Embalagem<\/strong> - Embalado em nitrog\u00eanio para aumentar o prazo de validade e o frescor.<\/li>\n<\/ul>\n<div class=\"overflow-x-auto contain-inline-size\"><\/div>\n<h2 class=\"\" data-start=\"2767\" data-end=\"2813\"><strong data-start=\"2773\" data-end=\"2813\">Certifica\u00e7\u00f5es e refer\u00eancias confi\u00e1veis<\/strong><\/h2>\n<ul data-start=\"2815\" data-end=\"3270\">\n<li class=\"\" data-start=\"2815\" data-end=\"2945\">\n<p class=\"\" data-start=\"2817\" data-end=\"2945\">Padr\u00f5es de \u00f3leo de soja do USDA<br data-start=\"2875\" data-end=\"2878\" \/><em data-start=\"2880\" data-end=\"2945\">Garante a conformidade com as diretrizes agr\u00edcolas e de pureza do \u00f3leo.<\/em><\/p>\n<\/li>\n<li class=\"\" data-start=\"2947\" data-end=\"3101\">\n<p class=\"\" data-start=\"2949\" data-end=\"3101\">\ud83d\udd17 <a class=\"cursor-pointer\" target=\"_new\" rel=\"noopener\" data-start=\"2952\" data-end=\"3042\">Servi\u00e7os de teste de \u00f3leo da SGS<\/a><br data-start=\"3042\" data-end=\"3045\" \/><em data-start=\"3047\" data-end=\"3101\">Garantia de qualidade e seguran\u00e7a para exporta\u00e7\u00f5es de \u00f3leo comest\u00edvel.<\/em><\/p>\n<\/li>\n<li class=\"\" data-start=\"3103\" data-end=\"3270\">\n<p class=\"\" data-start=\"3105\" data-end=\"3270\">\ud83d\udd17 <a class=\"\" href=\"https:\/\/www.fao.org\/fao-who-codexalimentarius\" target=\"_new\" rel=\"noopener\" data-start=\"3108\" data-end=\"3211\">Padr\u00e3o Codex para \u00f3leos vegetais nomeados (CXS 210-1999)<\/a><br data-start=\"3211\" data-end=\"3214\" \/><em data-start=\"3216\" data-end=\"3270\">Padr\u00e3o internacional de seguran\u00e7a alimentar para \u00f3leos refinados.<\/em><\/p>\n<\/li>\n<\/ul>\n<h2 class=\"\" data-start=\"3557\" data-end=\"3575\">\ud83c\udfaf <strong data-start=\"3563\" data-end=\"3575\">Benef\u00edcios<\/strong><\/h2>\n<ul data-start=\"3577\" data-end=\"3979\">\n<li class=\"\" data-start=\"3577\" data-end=\"3639\">\n<p class=\"\" data-start=\"3579\" data-end=\"3639\">\u2705 <strong data-start=\"3581\" data-end=\"3605\">Rico em gorduras saud\u00e1veis<\/strong> - Alto teor de \u00f4mega 6 e vitamina E<\/p>\n<\/li>\n<li class=\"\" data-start=\"3640\" data-end=\"3711\">\n<p class=\"\" data-start=\"3642\" data-end=\"3711\">\u2705 <strong data-start=\"3644\" data-end=\"3669\">Sabor e cor neutros<\/strong> - Ideal para aplica\u00e7\u00f5es vers\u00e1teis em alimentos<\/p>\n<\/li>\n<li class=\"\" data-start=\"3712\" data-end=\"3784\">\n<p class=\"\" data-start=\"3714\" data-end=\"3784\">\u2705 <strong data-start=\"3716\" data-end=\"3736\">Alto ponto de fuma\u00e7a<\/strong> - Excelente para fritura e cozimento industrial<\/p>\n<\/li>\n<li class=\"\" data-start=\"3785\" data-end=\"3847\">\n<p class=\"\" data-start=\"3787\" data-end=\"3847\">\u2705 <strong data-start=\"3789\" data-end=\"3817\">Sem OGM e sem gordura trans<\/strong> - Consciente da sa\u00fade e seguro<\/p>\n<\/li>\n<li class=\"\" data-start=\"3848\" data-end=\"3917\">\n<p class=\"\" data-start=\"3850\" data-end=\"3917\">\u2705 <strong data-start=\"3852\" data-end=\"3875\">Pronto para exporta\u00e7\u00e3o global<\/strong> - Dispon\u00edvel em embalagens a granel ou de varejo<\/p>\n<\/li>\n<li class=\"\" data-start=\"3918\" data-end=\"3979\">\n<p class=\"\" data-start=\"3920\" data-end=\"3979\">\u2705 <strong data-start=\"3922\" data-end=\"3943\">Qualidade certificada<\/strong> - Conformidade com ISO, Halal, SGS e HACCP<\/p>\n<\/li>\n<\/ul>\n<h2 class=\"\" data-start=\"3986\" data-end=\"4008\"><strong data-start=\"3993\" data-end=\"4008\">Usos comuns do \u00f3leo de soja refinado<\/strong><\/h2>\n<ul data-start=\"4010\" data-end=\"4379\">\n<li class=\"\" data-start=\"4010\" data-end=\"4089\">\n<p class=\"\" data-start=\"4012\" data-end=\"4089\">\ud83c\udf73 <strong data-start=\"4015\" data-end=\"4036\">Fritura e salteamento<\/strong> - Usado em restaurantes, redes de fast food e resid\u00eancias<\/p>\n<\/li>\n<li class=\"\" data-start=\"4090\" data-end=\"4160\">\n<p class=\"\" data-start=\"4092\" data-end=\"4160\">\ud83e\udd6b <strong data-start=\"4095\" data-end=\"4114\">Processamento de alimentos<\/strong> - Produtos de panifica\u00e7\u00e3o, lanches, margarina, molhos<\/p>\n<\/li>\n<li class=\"\" data-start=\"4161\" data-end=\"4238\">\n<p class=\"\" data-start=\"4163\" data-end=\"4238\">\ud83d\udecd\ufe0f <strong data-start=\"4167\" data-end=\"4182\">Reembalagem<\/strong> - Adequado para marcas pr\u00f3prias e cadeias de varejo<\/p>\n<\/li>\n<li class=\"\" data-start=\"4239\" data-end=\"4317\">\n<p class=\"\" data-start=\"4241\" data-end=\"4317\">\ud83c\udfed <strong data-start=\"4244\" data-end=\"4271\">Aplica\u00e7\u00f5es industriais<\/strong> - Lubrificantes de grau aliment\u00edcio, misturas para ra\u00e7\u00e3o animal<\/p>\n<\/li>\n<li class=\"\" data-start=\"4318\" data-end=\"4379\">\n<p class=\"\" data-start=\"4320\" data-end=\"4379\">\ud83e\uddf4 <strong data-start=\"4323\" data-end=\"4339\">Uso cosm\u00e9tico<\/strong> - Base emoliente para lo\u00e7\u00f5es e cremes<\/p>\n<\/li>\n<\/ul>\n<h2 class=\"\" data-start=\"4386\" data-end=\"4424\">Perguntas frequentes (FAQs)<\/h2>\n<h3 class=\"\" data-start=\"4431\" data-end=\"4473\"><strong data-start=\"4435\" data-end=\"4471\">1. Seu \u00f3leo de soja \u00e9 livre de transg\u00eanicos?<\/strong><\/h3>\n<p class=\"\" data-start=\"4474\" data-end=\"4620\">Sim, n\u00f3s oferecemos <strong data-start=\"4502\" data-end=\"4533\">\u00f3leo de soja refinado n\u00e3o transg\u00eanico<\/strong>, O produto est\u00e1 em conformidade com os principais padr\u00f5es internacionais e \u00e9 adequado para mercados voltados para a sa\u00fade.<\/p>\n<h3 class=\"\" data-start=\"4627\" data-end=\"4687\"><strong data-start=\"4631\" data-end=\"4685\">2. Quais s\u00e3o as op\u00e7\u00f5es de embalagem para pedidos em grandes quantidades?<\/strong><\/h3>\n<p class=\"\" data-start=\"4688\" data-end=\"4831\">Oferecemos op\u00e7\u00f5es de embalagens flex\u00edveis: <strong data-start=\"4741\" data-end=\"4763\">Garrafas PET de 1L-25L<\/strong>, <strong data-start=\"4765\" data-end=\"4780\">Tambores de 190 kg<\/strong>, <strong data-start=\"4782\" data-end=\"4801\">Tanques IBC de 1000L<\/strong>, e <strong data-start=\"4807\" data-end=\"4830\">20-23 MT flexitanks<\/strong>.<\/p>\n<h3 class=\"\" data-start=\"4838\" data-end=\"4889\"><strong data-start=\"4842\" data-end=\"4887\">3. Posso usar seu \u00f3leo de soja para fritar?<\/strong><\/h3>\n<p class=\"\" data-start=\"4890\" data-end=\"5019\">Sim, com um alto ponto de fuma\u00e7a de <strong data-start=\"4936\" data-end=\"4950\">acima de 230\u00b0C<\/strong>, \u00c9 ideal para frituras, cozimento em frigideiras e prepara\u00e7\u00e3o de alimentos comerciais.<\/p>\n<h3 class=\"\" data-start=\"5026\" data-end=\"5089\"><strong data-start=\"5030\" data-end=\"5087\">4. O \u00f3leo \u00e9 adequado para f\u00e1bricas de processamento de alimentos?<\/strong><\/h3>\n<p class=\"\" data-start=\"5090\" data-end=\"5219\">Com certeza. Nosso \u00f3leo de soja \u00e9 <strong data-start=\"5135\" data-end=\"5180\">refinado, desodorizado e de sabor neutro<\/strong>, perfeito para <strong data-start=\"5194\" data-end=\"5218\">produ\u00e7\u00e3o de alimentos em massa<\/strong>.<\/p>\n<h3 class=\"\" data-start=\"5226\" data-end=\"5284\"><strong data-start=\"5230\" data-end=\"5282\">5. Voc\u00eas oferecem servi\u00e7os de OEM ou de marca pr\u00f3pria?<\/strong><\/h3>\n<p class=\"\" data-start=\"5285\" data-end=\"5417\">Sim, n\u00f3s oferecemos <strong data-start=\"5313\" data-end=\"5344\">Embalagem OEM\/private label<\/strong> no design de sua marca. Perfeito para distribuidores ou compradores voltados para o varejo.<\/p>\n<h2 class=\"\" data-start=\"5424\" data-end=\"5467\"><\/h2>","protected":false},"excerpt":{"rendered":"<p><strong data-start=\"2239\" data-end=\"2288\">Cavin Resource \u00d3leo de soja a granel no atacado da Mal\u00e1sia - Variedades refinadas e brutas<\/strong>\u00a0\u00e9 um <strong data-start=\"2294\" data-end=\"2330\">\u00f3leo de cozinha leve e saud\u00e1vel para o cora\u00e7\u00e3o<\/strong>, perfeito para <strong data-start=\"2344\" data-end=\"2383\">fritura, cozimento e processamento de alimentos<\/strong>. Com um <strong data-start=\"2392\" data-end=\"2430\">alto ponto de fuma\u00e7a e sabor neutro<\/strong>, O sistema de cozimento \u00e9 muito mais eficiente, pois melhora o cozimento enquanto mant\u00e9m a <strong data-start=\"2474\" data-end=\"2498\">benef\u00edcios nutricionais<\/strong>.<\/p>","protected":false},"featured_media":478,"comment_status":"open","ping_status":"closed","template":"","meta":{"_et_pb_use_builder":"","_et_pb_old_content":"","_et_gb_content_width":""},"product_brand":[33],"product_cat":[777,837],"product_tag":[161,159,157,162,160,155,34,154,156,158],"class_list":{"0":"post-183","1":"product","2":"type-product","3":"status-publish","4":"has-post-thumbnail","6":"product_brand-refined-soybean-oil","7":"product_cat-bulk-edible-oils-supplier","8":"product_cat-soybean-oil","9":"product_tag-bulk-soybean-oil-flexitanks","10":"product_tag-cavin-resource-cooking-oil","11":"product_tag-food-grade-soybean-oil","12":"product_tag-haccp-certified-oil","13":"product_tag-halal-soybean-oil-malaysia","14":"product_tag-non-gmo-soybean-oil-bulk","15":"product_tag-refined-soybean-oil","16":"product_tag-refined-soybean-oil-supplier","17":"product_tag-soybean-oil-for-frying","18":"product_tag-wholesale-soybean-oil-exporter","20":"first","21":"instock","22":"sale","23":"shipping-taxable","24":"purchasable","25":"product-type-simple"},"_links":{"self":[{"href":"https:\/\/cavin-resource.com\/pt\/wp-json\/wp\/v2\/product\/183","targetHints":{"allow":["GET"]}}],"collection":[{"href":"https:\/\/cavin-resource.com\/pt\/wp-json\/wp\/v2\/product"}],"about":[{"href":"https:\/\/cavin-resource.com\/pt\/wp-json\/wp\/v2\/types\/product"}],"replies":[{"embeddable":true,"href":"https:\/\/cavin-resource.com\/pt\/wp-json\/wp\/v2\/comments?post=183"}],"wp:featuredmedia":[{"embeddable":true,"href":"https:\/\/cavin-resource.com\/pt\/wp-json\/wp\/v2\/media\/478"}],"wp:attachment":[{"href":"https:\/\/cavin-resource.com\/pt\/wp-json\/wp\/v2\/media?parent=183"}],"wp:term":[{"taxonomy":"product_brand","embeddable":true,"href":"https:\/\/cavin-resource.com\/pt\/wp-json\/wp\/v2\/product_brand?post=183"},{"taxonomy":"product_cat","embeddable":true,"href":"https:\/\/cavin-resource.com\/pt\/wp-json\/wp\/v2\/product_cat?post=183"},{"taxonomy":"product_tag","embeddable":true,"href":"https:\/\/cavin-resource.com\/pt\/wp-json\/wp\/v2\/product_tag?post=183"}],"curies":[{"name":"wp","href":"https:\/\/api.w.org\/{rel}","templated":true}]}}